{"id":31,"date":"2020-04-13T11:18:52","date_gmt":"2020-04-13T11:18:52","guid":{"rendered":"https:\/\/yourbestmoments.be\/about\/"},"modified":"2021-08-20T19:06:28","modified_gmt":"2021-08-20T19:06:28","slug":"about","status":"publish","type":"page","link":"https:\/\/yourbestmoments.be\/fr\/about\/","title":{"rendered":"A propos"},"content":{"rendered":"<div data-elementor-type=\"wp-page\" data-elementor-id=\"31\" class=\"elementor elementor-31\">\n\t\t\t\t\t\t\t\t\t<section class=\"elementor-section elementor-top-section elementor-element elementor-element-5131a13e elementor-section-boxed elementor-section-height-default elementor-section-height-default\" data-id=\"5131a13e\" data-element_type=\"section\" data-settings=\"{&quot;background_background&quot;:&quot;classic&quot;}\">\n\t\t\t\t\t\t\t<div class=\"elementor-background-overlay\"><\/div>\n\t\t\t\t\t\t\t<div class=\"elementor-container elementor-column-gap-default\">\n\t\t\t\t\t<div class=\"elementor-column elementor-col-100 elementor-top-column elementor-element elementor-element-1053ca7a\" data-id=\"1053ca7a\" data-element_type=\"column\">\n\t\t\t<div class=\"elementor-widget-wrap elementor-element-populated\">\n\t\t\t\t\t\t\t\t<div class=\"elementor-element elementor-element-3d99e122 animated-slow elementor-invisible elementor-widget elementor-widget-heading\" data-id=\"3d99e122\" data-element_type=\"widget\" data-settings=\"{&quot;_animation&quot;:&quot;fadeInDown&quot;}\" data-widget_type=\"heading.default\">\n\t\t\t\t<div class=\"elementor-widget-container\">\n\t\t\t<h1 class=\"elementor-heading-title elementor-size-default\">A propos<\/h1>\t\t<\/div>\n\t\t\t\t<\/div>\n\t\t\t\t\t<\/div>\n\t\t<\/div>\n\t\t\t\t\t\t\t<\/div>\n\t\t<\/section>\n\t\t\t\t<section class=\"elementor-section elementor-top-section elementor-element elementor-element-40177ae0 elementor-section-boxed elementor-section-height-default elementor-section-height-default\" data-id=\"40177ae0\" data-element_type=\"section\">\n\t\t\t\t\t\t<div class=\"elementor-container elementor-column-gap-no\">\n\t\t\t\t\t<div class=\"elementor-column elementor-col-50 elementor-top-column elementor-element elementor-element-2828f573\" data-id=\"2828f573\" data-element_type=\"column\">\n\t\t\t<div class=\"elementor-widget-wrap elementor-element-populated\">\n\t\t\t\t\t\t\t\t<div class=\"elementor-element elementor-element-68afc23b animated-slow elementor-invisible elementor-widget elementor-widget-heading\" data-id=\"68afc23b\" data-element_type=\"widget\" data-settings=\"{&quot;_animation&quot;:&quot;fadeInDown&quot;}\" data-widget_type=\"heading.default\">\n\t\t\t\t<div class=\"elementor-widget-container\">\n\t\t\t<h2 class=\"elementor-heading-title elementor-size-default\">Hey!<\/h2>\t\t<\/div>\n\t\t\t\t<\/div>\n\t\t\t\t\t<\/div>\n\t\t<\/div>\n\t\t\t\t<div class=\"elementor-column elementor-col-50 elementor-top-column elementor-element elementor-element-48096891\" data-id=\"48096891\" data-element_type=\"column\">\n\t\t\t<div class=\"elementor-widget-wrap elementor-element-populated\">\n\t\t\t\t\t\t\t\t<div class=\"elementor-element elementor-element-44ce5982 elementor-widget elementor-widget-text-editor\" data-id=\"44ce5982\" data-element_type=\"widget\" data-widget_type=\"text-editor.default\">\n\t\t\t\t<div class=\"elementor-widget-container\">\n\t\t\t\t\t\t\t<p><strong>Je suis une photographe bas\u00e9e \u00e0 Bruxelles, en Belgique. J'ai 26 ans et j'aime <\/strong><strong style=\"font-size: 16px; font-style: normal;\">la photographie, les voitures, le tennis,<\/strong><strong style=\"font-size: 16px;\"> la nature, les chiens et les voyages. En plus des passe-temps, j'aime aider les autres \u00e0 promouvoir leur entreprise. Par ailleurs, je suis une personne optimiste qui sait qu'elle peut pers\u00e9v\u00e9rer, quel que soit l'obstacle.<\/strong><\/p>\t\t\t\t\t\t<\/div>\n\t\t\t\t<\/div>\n\t\t\t\t<div class=\"elementor-element elementor-element-e56ab06 elementor-widget elementor-widget-text-editor\" data-id=\"e56ab06\" data-element_type=\"widget\" data-widget_type=\"text-editor.default\">\n\t\t\t\t<div class=\"elementor-widget-container\">\n\t\t\t\t\t\t\t<p>Chaque projet que je r\u00e9alise re\u00e7oit la m\u00eame passion et d\u00e9vouement - toute la partie retouche des photographies \u00e9tant r\u00e9alis\u00e9e par moi-m\u00eame. Tout d\u00e9fi relev\u00e9 ne fait que me rendre meilleure et plus forte.<\/p><p>L'un des aspect les plus importants pour moi est de mettre le sujet \u00e0 l'aise. J'essaie toujours d'\u00e9couter et de donner des feedbacks tout au long de la s\u00e9ance photo.\u00a0<\/p><p><strong>Promotion du business<\/strong><\/p><p>Votre site Web est le plus souvent le premier contact que les gens ont avec votre entreprise. Je suis l\u00e0 pour vous aider \u00e0 tirer le meilleur parti de votre exp\u00e9rience. Avec l'image appropri\u00e9e, d\u00e9finissant pour vos services, les clients potentiels voudront toujours en savoir plus.<\/p>\t\t\t\t\t\t<\/div>\n\t\t\t\t<\/div>\n\t\t\t\t<div class=\"elementor-element elementor-element-41a203d elementor-widget elementor-widget-text-editor\" data-id=\"41a203d\" data-element_type=\"widget\" data-widget_type=\"text-editor.default\">\n\t\t\t\t<div class=\"elementor-widget-container\">\n\t\t\t\t\t\t\t<p><strong>Au plaisir de vous rencontrer et de vous aider \u00e0 d\u00e9velopper votre projet.<\/strong><\/p>\t\t\t\t\t\t<\/div>\n\t\t\t\t<\/div>\n\t\t\t\t\t<\/div>\n\t\t<\/div>\n\t\t\t\t\t\t\t<\/div>\n\t\t<\/section>\n\t\t\t\t<section class=\"elementor-section elementor-top-section elementor-element elementor-element-88095be elementor-section-boxed elementor-section-height-default elementor-section-height-default\" data-id=\"88095be\" data-element_type=\"section\" data-settings=\"{&quot;background_background&quot;:&quot;classic&quot;}\">\n\t\t\t\t\t\t<div class=\"elementor-container elementor-column-gap-no\">\n\t\t\t\t\t<div class=\"elementor-column elementor-col-33 elementor-top-column elementor-element elementor-element-b59566c\" data-id=\"b59566c\" data-element_type=\"column\">\n\t\t\t<div class=\"elementor-widget-wrap elementor-element-populated\">\n\t\t\t\t\t\t\t\t<div class=\"elementor-element elementor-element-08f8146 elementor-widget elementor-widget-heading\" data-id=\"08f8146\" data-element_type=\"widget\" data-widget_type=\"heading.default\">\n\t\t\t\t<div class=\"elementor-widget-container\">\n\t\t\t<h2 class=\"elementor-heading-title elementor-size-default\">Mission<\/h2>\t\t<\/div>\n\t\t\t\t<\/div>\n\t\t\t\t<div class=\"elementor-element elementor-element-22d806f elementor-widget elementor-widget-text-editor\" data-id=\"22d806f\" data-element_type=\"widget\" data-widget_type=\"text-editor.default\">\n\t\t\t\t<div class=\"elementor-widget-container\">\n\t\t\t\t\t\t\t<p>Ma mission en photographie est de cr\u00e9er de belles images significatives, d'encourager les gens \u00e0 faire plus dans la vie et d'inspirer les autres.\u00a0<\/p>\t\t\t\t\t\t<\/div>\n\t\t\t\t<\/div>\n\t\t\t\t\t<\/div>\n\t\t<\/div>\n\t\t\t\t<div class=\"elementor-column elementor-col-33 elementor-top-column elementor-element elementor-element-bca9a20\" data-id=\"bca9a20\" data-element_type=\"column\">\n\t\t\t<div class=\"elementor-widget-wrap elementor-element-populated\">\n\t\t\t\t\t\t\t\t<div class=\"elementor-element elementor-element-aa773a3 elementor-widget elementor-widget-heading\" data-id=\"aa773a3\" data-element_type=\"widget\" data-widget_type=\"heading.default\">\n\t\t\t\t<div class=\"elementor-widget-container\">\n\t\t\t<h2 class=\"elementor-heading-title elementor-size-default\">Vision<\/h2>\t\t<\/div>\n\t\t\t\t<\/div>\n\t\t\t\t<div class=\"elementor-element elementor-element-ccbd346 elementor-widget elementor-widget-text-editor\" data-id=\"ccbd346\" data-element_type=\"widget\" data-widget_type=\"text-editor.default\">\n\t\t\t\t<div class=\"elementor-widget-container\">\n\t\t\t\t\t\t\t<p>En tant que photographe, la vision ne consiste pas seulement \u00e0 voir l'autre \u00e0 travers votre appareil photo. Il ne s'agit pas juste de cr\u00e9er une image, mais de cr\u00e9er une histoire \u00e0 travers elle. Mes propres photographies contiennent des id\u00e9es qui repr\u00e9sentent ma vision.<\/p><p>J'esp\u00e8re que votre voyage sur mon site Web a \u00e9t\u00e9 agr\u00e9able et j'esp\u00e8re vous rencontrer bient\u00f4t.<\/p>\t\t\t\t\t\t<\/div>\n\t\t\t\t<\/div>\n\t\t\t\t\t<\/div>\n\t\t<\/div>\n\t\t\t\t<div class=\"elementor-column elementor-col-33 elementor-top-column elementor-element elementor-element-6b0d72f\" data-id=\"6b0d72f\" data-element_type=\"column\">\n\t\t\t<div class=\"elementor-widget-wrap elementor-element-populated\">\n\t\t\t\t\t\t\t\t<div class=\"elementor-element elementor-element-30cd69e elementor-widget elementor-widget-heading\" data-id=\"30cd69e\" data-element_type=\"widget\" data-widget_type=\"heading.default\">\n\t\t\t\t<div class=\"elementor-widget-container\">\n\t\t\t<h2 class=\"elementor-heading-title elementor-size-default\">Valeurs<\/h2>\t\t<\/div>\n\t\t\t\t<\/div>\n\t\t\t\t<div class=\"elementor-element elementor-element-9f92279 elementor-icon-list--layout-traditional elementor-list-item-link-full_width elementor-widget elementor-widget-icon-list\" data-id=\"9f92279\" data-element_type=\"widget\" data-widget_type=\"icon-list.default\">\n\t\t\t\t<div class=\"elementor-widget-container\">\n\t\t\t\t\t<ul class=\"elementor-icon-list-items\">\n\t\t\t\t\t\t\t<li class=\"elementor-icon-list-item\">\n\t\t\t\t\t\t\t\t\t\t\t<span class=\"elementor-icon-list-icon\">\n\t\t\t\t\t\t\t<i aria-hidden=\"true\" class=\"fas fa-caret-right\"><\/i>\t\t\t\t\t\t<\/span>\n\t\t\t\t\t\t\t\t\t\t<span class=\"elementor-icon-list-text\">Qualit\u00e9<\/span>\n\t\t\t\t\t\t\t\t\t<\/li>\n\t\t\t\t\t\t\t\t<li class=\"elementor-icon-list-item\">\n\t\t\t\t\t\t\t\t\t\t\t<span class=\"elementor-icon-list-icon\">\n\t\t\t\t\t\t\t<i aria-hidden=\"true\" class=\"fas fa-caret-right\"><\/i>\t\t\t\t\t\t<\/span>\n\t\t\t\t\t\t\t\t\t\t<span class=\"elementor-icon-list-text\">Respect<\/span>\n\t\t\t\t\t\t\t\t\t<\/li>\n\t\t\t\t\t\t\t\t<li class=\"elementor-icon-list-item\">\n\t\t\t\t\t\t\t\t\t\t\t<span class=\"elementor-icon-list-icon\">\n\t\t\t\t\t\t\t<i aria-hidden=\"true\" class=\"fas fa-caret-right\"><\/i>\t\t\t\t\t\t<\/span>\n\t\t\t\t\t\t\t\t\t\t<span class=\"elementor-icon-list-text\">Passion<br><\/span>\n\t\t\t\t\t\t\t\t\t<\/li>\n\t\t\t\t\t\t\t\t<li class=\"elementor-icon-list-item\">\n\t\t\t\t\t\t\t\t\t\t\t<span class=\"elementor-icon-list-icon\">\n\t\t\t\t\t\t\t<i aria-hidden=\"true\" class=\"fas fa-caret-right\"><\/i>\t\t\t\t\t\t<\/span>\n\t\t\t\t\t\t\t\t\t\t<span class=\"elementor-icon-list-text\">Honn\u00eatet\u00e9<br><\/span>\n\t\t\t\t\t\t\t\t\t<\/li>\n\t\t\t\t\t\t\t\t<li class=\"elementor-icon-list-item\">\n\t\t\t\t\t\t\t\t\t\t\t<span class=\"elementor-icon-list-icon\">\n\t\t\t\t\t\t\t<i aria-hidden=\"true\" class=\"fas fa-caret-right\"><\/i>\t\t\t\t\t\t<\/span>\n\t\t\t\t\t\t\t\t\t\t<span class=\"elementor-icon-list-text\">Optimisme<br><\/span>\n\t\t\t\t\t\t\t\t\t<\/li>\n\t\t\t\t\t\t\t\t<li class=\"elementor-icon-list-item\">\n\t\t\t\t\t\t\t\t\t\t\t<span class=\"elementor-icon-list-icon\">\n\t\t\t\t\t\t\t<i aria-hidden=\"true\" class=\"fas fa-caret-right\"><\/i>\t\t\t\t\t\t<\/span>\n\t\t\t\t\t\t\t\t\t\t<span class=\"elementor-icon-list-text\">Pers\u00e9v\u00e9rance<br><\/span>\n\t\t\t\t\t\t\t\t\t<\/li>\n\t\t\t\t\t\t<\/ul>\n\t\t\t\t<\/div>\n\t\t\t\t<\/div>\n\t\t\t\t\t<\/div>\n\t\t<\/div>\n\t\t\t\t\t\t\t<\/div>\n\t\t<\/section>\n\t\t\t\t\t\t\t<\/div>","protected":false},"excerpt":{"rendered":"<p>About Hello there! I&#8217;m a photographer based in Brussels, Belgium. I am 26 years old and love photography, cars, tennis, nature, dogs and travelling. Besides hobbies, I enjoy helping others promote their business. I am furthermore an optimist and know that I can persevere, whatever the obstacle. Every project I do gets the same amount &hellip;<\/p>\n<p class=\"read-more\"> <a class=\"\" href=\"https:\/\/yourbestmoments.be\/fr\/about\/\"> <span class=\"screen-reader-text\">A propos<\/span> Read More &raquo;<\/a><\/p>","protected":false},"author":1,"featured_media":0,"parent":0,"menu_order":0,"comment_status":"closed","ping_status":"closed","template":"","meta":[],"yoast_head":"<!-- This site is optimized with the Yoast SEO plugin v19.4 - https:\/\/yoast.com\/wordpress\/plugins\/seo\/ -->\n<title>About - Your Best Moments - Photography<\/title>\n<meta name=\"robots\" content=\"index, follow, max-snippet:-1, max-image-preview:large, max-video-preview:-1\" \/>\n<link rel=\"canonical\" href=\"https:\/\/yourbestmoments.be\/fr\/about\/\" \/>\n<meta property=\"og:locale\" content=\"fr_FR\" \/>\n<meta property=\"og:type\" content=\"article\" \/>\n<meta property=\"og:title\" content=\"About - Your Best Moments - Photography\" \/>\n<meta property=\"og:description\" content=\"About Hello there! I&#8217;m a photographer based in Brussels, Belgium. I am 26 years old and love photography, cars, tennis, nature, dogs and travelling. Besides hobbies, I enjoy helping others promote their business. I am furthermore an optimist and know that I can persevere, whatever the obstacle. Every project I do gets the same amount &hellip; About Read More &raquo;\" \/>\n<meta property=\"og:url\" content=\"https:\/\/yourbestmoments.be\/fr\/about\/\" \/>\n<meta property=\"og:site_name\" content=\"Your Best Moments - Photography\" \/>\n<meta property=\"article:modified_time\" content=\"2021-08-20T19:06:28+00:00\" \/>\n<meta name=\"twitter:card\" content=\"summary_large_image\" \/>\n<meta name=\"twitter:label1\" content=\"Dur\u00e9e de lecture est.\" \/>\n\t<meta name=\"twitter:data1\" content=\"2 minutes\" \/>\n<script type=\"application\/ld+json\" class=\"yoast-schema-graph\">{\"@context\":\"https:\/\/schema.org\",\"@graph\":[{\"@type\":\"Organization\",\"@id\":\"https:\/\/yourbestmoments.be\/fr\/#organization\",\"name\":\"Your Best Moments - Photography\",\"url\":\"https:\/\/yourbestmoments.be\/fr\/\",\"sameAs\":[],\"logo\":{\"@type\":\"ImageObject\",\"inLanguage\":\"fr-BE\",\"@id\":\"https:\/\/yourbestmoments.be\/fr\/#\/schema\/logo\/image\/\",\"url\":\"https:\/\/yourbestmoments.be\/wp-content\/uploads\/2021\/03\/logo-andre-alb.png\",\"contentUrl\":\"https:\/\/yourbestmoments.be\/wp-content\/uploads\/2021\/03\/logo-andre-alb.png\",\"width\":395,\"height\":244,\"caption\":\"Your Best Moments - Photography\"},\"image\":{\"@id\":\"https:\/\/yourbestmoments.be\/fr\/#\/schema\/logo\/image\/\"}},{\"@type\":\"WebSite\",\"@id\":\"https:\/\/yourbestmoments.be\/fr\/#website\",\"url\":\"https:\/\/yourbestmoments.be\/fr\/\",\"name\":\"Your Best Moments - Photography\",\"description\":\"Photographie\",\"publisher\":{\"@id\":\"https:\/\/yourbestmoments.be\/fr\/#organization\"},\"potentialAction\":[{\"@type\":\"SearchAction\",\"target\":{\"@type\":\"EntryPoint\",\"urlTemplate\":\"https:\/\/yourbestmoments.be\/fr\/?s={search_term_string}\"},\"query-input\":\"required name=search_term_string\"}],\"inLanguage\":\"fr-BE\"},{\"@type\":\"WebPage\",\"@id\":\"https:\/\/yourbestmoments.be\/about\/\",\"url\":\"https:\/\/yourbestmoments.be\/about\/\",\"name\":\"About - Your Best Moments - Photography\",\"isPartOf\":{\"@id\":\"https:\/\/yourbestmoments.be\/fr\/#website\"},\"datePublished\":\"2020-04-13T11:18:52+00:00\",\"dateModified\":\"2021-08-20T19:06:28+00:00\",\"breadcrumb\":{\"@id\":\"https:\/\/yourbestmoments.be\/about\/#breadcrumb\"},\"inLanguage\":\"fr-BE\",\"potentialAction\":[{\"@type\":\"ReadAction\",\"target\":[\"https:\/\/yourbestmoments.be\/about\/\"]}]},{\"@type\":\"BreadcrumbList\",\"@id\":\"https:\/\/yourbestmoments.be\/about\/#breadcrumb\",\"itemListElement\":[{\"@type\":\"ListItem\",\"position\":1,\"name\":\"Home\",\"item\":\"https:\/\/yourbestmoments.be\/fr\/\"},{\"@type\":\"ListItem\",\"position\":2,\"name\":\"About\"}]}]}<\/script>\n<!-- \/ Yoast SEO plugin. -->","yoast_head_json":{"title":"About - Your Best Moments - Photography","robots":{"index":"index","follow":"follow","max-snippet":"max-snippet:-1","max-image-preview":"max-image-preview:large","max-video-preview":"max-video-preview:-1"},"canonical":"https:\/\/yourbestmoments.be\/fr\/about\/","og_locale":"fr_FR","og_type":"article","og_title":"About - Your Best Moments - Photography","og_description":"About Hello there! I&#8217;m a photographer based in Brussels, Belgium. I am 26 years old and love photography, cars, tennis, nature, dogs and travelling. Besides hobbies, I enjoy helping others promote their business. I am furthermore an optimist and know that I can persevere, whatever the obstacle. Every project I do gets the same amount &hellip; About Read More &raquo;","og_url":"https:\/\/yourbestmoments.be\/fr\/about\/","og_site_name":"Your Best Moments - Photography","article_modified_time":"2021-08-20T19:06:28+00:00","twitter_card":"summary_large_image","twitter_misc":{"Dur\u00e9e de lecture est.":"2 minutes"},"schema":{"@context":"https:\/\/schema.org","@graph":[{"@type":"Organization","@id":"https:\/\/yourbestmoments.be\/fr\/#organization","name":"Your Best Moments - Photography","url":"https:\/\/yourbestmoments.be\/fr\/","sameAs":[],"logo":{"@type":"ImageObject","inLanguage":"fr-BE","@id":"https:\/\/yourbestmoments.be\/fr\/#\/schema\/logo\/image\/","url":"https:\/\/yourbestmoments.be\/wp-content\/uploads\/2021\/03\/logo-andre-alb.png","contentUrl":"https:\/\/yourbestmoments.be\/wp-content\/uploads\/2021\/03\/logo-andre-alb.png","width":395,"height":244,"caption":"Your Best Moments - Photography"},"image":{"@id":"https:\/\/yourbestmoments.be\/fr\/#\/schema\/logo\/image\/"}},{"@type":"WebSite","@id":"https:\/\/yourbestmoments.be\/fr\/#website","url":"https:\/\/yourbestmoments.be\/fr\/","name":"Your Best Moments - Photography","description":"Photographie","publisher":{"@id":"https:\/\/yourbestmoments.be\/fr\/#organization"},"potentialAction":[{"@type":"SearchAction","target":{"@type":"EntryPoint","urlTemplate":"https:\/\/yourbestmoments.be\/fr\/?s={search_term_string}"},"query-input":"required name=search_term_string"}],"inLanguage":"fr-BE"},{"@type":"WebPage","@id":"https:\/\/yourbestmoments.be\/about\/","url":"https:\/\/yourbestmoments.be\/about\/","name":"About - Your Best Moments - Photography","isPartOf":{"@id":"https:\/\/yourbestmoments.be\/fr\/#website"},"datePublished":"2020-04-13T11:18:52+00:00","dateModified":"2021-08-20T19:06:28+00:00","breadcrumb":{"@id":"https:\/\/yourbestmoments.be\/about\/#breadcrumb"},"inLanguage":"fr-BE","potentialAction":[{"@type":"ReadAction","target":["https:\/\/yourbestmoments.be\/about\/"]}]},{"@type":"BreadcrumbList","@id":"https:\/\/yourbestmoments.be\/about\/#breadcrumb","itemListElement":[{"@type":"ListItem","position":1,"name":"Home","item":"https:\/\/yourbestmoments.be\/fr\/"},{"@type":"ListItem","position":2,"name":"About"}]}]}},"_links":{"self":[{"href":"https:\/\/yourbestmoments.be\/fr\/wp-json\/wp\/v2\/pages\/31"}],"collection":[{"href":"https:\/\/yourbestmoments.be\/fr\/wp-json\/wp\/v2\/pages"}],"about":[{"href":"https:\/\/yourbestmoments.be\/fr\/wp-json\/wp\/v2\/types\/page"}],"author":[{"embeddable":true,"href":"https:\/\/yourbestmoments.be\/fr\/wp-json\/wp\/v2\/users\/1"}],"replies":[{"embeddable":true,"href":"https:\/\/yourbestmoments.be\/fr\/wp-json\/wp\/v2\/comments?post=31"}],"version-history":[{"count":117,"href":"https:\/\/yourbestmoments.be\/fr\/wp-json\/wp\/v2\/pages\/31\/revisions"}],"predecessor-version":[{"id":1499,"href":"https:\/\/yourbestmoments.be\/fr\/wp-json\/wp\/v2\/pages\/31\/revisions\/1499"}],"wp:attachment":[{"href":"https:\/\/yourbestmoments.be\/fr\/wp-json\/wp\/v2\/media?parent=31"}],"curies":[{"name":"wp","href":"https:\/\/api.w.org\/{rel}","templated":true}]}}